{"id":11,"date":"2018-01-25T10:28:00","date_gmt":"2018-01-25T10:28:00","guid":{"rendered":"http:\/\/www.stefaniehofer.de\/?page_id=11"},"modified":"2023-08-10T14:10:57","modified_gmt":"2023-08-10T14:10:57","slug":"kontakt","status":"publish","type":"page","link":"https:\/\/www.stefaniehofer.de\/index.php\/kontakt\/","title":{"rendered":"Kontakt"},"content":{"rendered":"\n<div class=\"wp-block-group\"><div class=\"wp-block-group__inner-container is-layout-flow wp-block-group-is-layout-flow\">\n<div class=\"wp-block-columns is-layout-flex wp-container-core-columns-is-layout-9d6595d7 wp-block-columns-is-layout-flex\">\n<div class=\"wp-block-column is-layout-flow wp-block-column-is-layout-flow\">\n<figure class=\"wp-block-image size-large\"><img loading=\"lazy\" decoding=\"async\" width=\"600\" height=\"880\" src=\"https:\/\/www.stefaniehofer.de\/wp-content\/uploads\/2020\/11\/work.jpg\" alt=\"\" class=\"wp-image-475\" srcset=\"https:\/\/www.stefaniehofer.de\/wp-content\/uploads\/2020\/11\/work.jpg 600w, https:\/\/www.stefaniehofer.de\/wp-content\/uploads\/2020\/11\/work-205x300.jpg 205w\" sizes=\"auto, (max-width: 600px) 85vw, 600px\" \/><\/figure>\n<\/div>\n\n\n\n<div class=\"wp-block-column is-layout-flow wp-block-column-is-layout-flow\">\n<p>Stefanie Hofer<br><br>Atelier<br>Agnes-Bernauer-Stra\u00dfe 106<br>D &#8211; 80687 M\u00fcnchen<\/p>\n\n\n\n<p>mail@stefaniehofer.de<br>+49 160 939 500 89<\/p>\n\n\n\n<p>Instagram: <a href=\"https:\/\/www.instagram.com\/stefaniehoferstudio\/\">@stefaniehoferstudio<\/a><\/p>\n\n\n\n<p>Fotos<br>Max Draper<br>Verena H\u00e4gler<br>Steffen Kern<br>Thomas Lomberg <br>Sebastian Schels<br>Jan Sch\u00fcnke<br><br>\u00dcbersetzung<br>Jessica Hodgkiss<\/p>\n\n\n\n<p>Kein Teil dieser Website darf ohne Genehmigung von Stefanie Hofer verwendet werden.<\/p>\n\n\n\n<p>\u00a92020 alle Rechte vorbehalten<\/p>\n<\/div>\n<\/div>\n<\/div><\/div>\n","protected":false},"excerpt":{"rendered":"<p>Stefanie Hofer AtelierAgnes-Bernauer-Stra\u00dfe 106D &#8211; 80687 M\u00fcnchen mail@stefaniehofer.de+49 160 939 500 89 Instagram: @stefaniehoferstudio FotosMax DraperVerena H\u00e4glerSteffen KernThomas Lomberg Sebastian SchelsJan Sch\u00fcnke \u00dcbersetzungJessica Hodgkiss Kein Teil dieser Website darf ohne Genehmigung von Stefanie Hofer verwendet werden. \u00a92020 alle Rechte vorbehalten<\/p>\n","protected":false},"author":1,"featured_media":0,"parent":0,"menu_order":0,"comment_status":"closed","ping_status":"closed","template":"","meta":{"footnotes":""},"class_list":["post-11","page","type-page","status-publish","hentry"],"_links":{"self":[{"href":"https:\/\/www.stefaniehofer.de\/index.php\/wp-json\/wp\/v2\/pages\/11","targetHints":{"allow":["GET"]}}],"collection":[{"href":"https:\/\/www.stefaniehofer.de\/index.php\/wp-json\/wp\/v2\/pages"}],"about":[{"href":"https:\/\/www.stefaniehofer.de\/index.php\/wp-json\/wp\/v2\/types\/page"}],"author":[{"embeddable":true,"href":"https:\/\/www.stefaniehofer.de\/index.php\/wp-json\/wp\/v2\/users\/1"}],"replies":[{"embeddable":true,"href":"https:\/\/www.stefaniehofer.de\/index.php\/wp-json\/wp\/v2\/comments?post=11"}],"version-history":[{"count":27,"href":"https:\/\/www.stefaniehofer.de\/index.php\/wp-json\/wp\/v2\/pages\/11\/revisions"}],"predecessor-version":[{"id":984,"href":"https:\/\/www.stefaniehofer.de\/index.php\/wp-json\/wp\/v2\/pages\/11\/revisions\/984"}],"wp:attachment":[{"href":"https:\/\/www.stefaniehofer.de\/index.php\/wp-json\/wp\/v2\/media?parent=11"}],"curies":[{"name":"wp","href":"https:\/\/api.w.org\/{rel}","templated":true}]}}