{"id":600,"date":"2021-12-10T11:11:38","date_gmt":"2021-12-10T11:11:38","guid":{"rendered":"http:\/\/www.stefaniehofer.de\/?page_id=600"},"modified":"2022-06-02T10:05:54","modified_gmt":"2022-06-02T10:05:54","slug":"ausstellungsansichten","status":"publish","type":"page","link":"https:\/\/www.stefaniehofer.de\/index.php\/ausstellungsansichten\/","title":{"rendered":"Ausstellungsansichten"},"content":{"rendered":"\n<div style=\"height:20px\" aria-hidden=\"true\" class=\"wp-block-spacer\"><\/div>\n\n\n\n<p>You can have both silence an action, Sebastianskapelle Ulm, 2022<\/p>\n\n\n<style type=\"text\/css\">\n#foogallery-gallery-784.fg-justified .fg-item { margin-right: 10px; margin-bottom: 10px; }\n#foogallery-gallery-784.fg-justified .fg-image { height: 200px; }<\/style>\n\t\t\t<div class=\"foogallery foogallery-container foogallery-justified foogallery-lightbox-none fg-justified fg-ready fg-light fg-loading-default fg-loaded-fade-in fg-caption-always fg-hover-fade fg-hover-zoom2\" id=\"foogallery-gallery-784\" data-foogallery=\"{&quot;item&quot;:{&quot;showCaptionTitle&quot;:true,&quot;showCaptionDescription&quot;:false},&quot;lazy&quot;:true,&quot;template&quot;:{&quot;rowHeight&quot;:200,&quot;maxRowHeight&quot;:300,&quot;margins&quot;:10,&quot;align&quot;:&quot;left&quot;,&quot;lastRow&quot;:&quot;smart&quot;}}\" style=\"--fg-title-line-clamp: 0; --fg-description-line-clamp: 0;\" >\n\t<div class=\"fg-item fg-type-iframe fg-idle\"><figure class=\"fg-item-inner\"><a href=\"https:\/\/www.stefaniehofer.de\/index.php\/en\/exhibition-views\/ausstellung03-2\/\" data-attachment-id=\"770\" data-type=\"iframe\" class=\"fg-thumb\"><span class=\"fg-image-wrap\"><img fetchpriority=\"high\" decoding=\"async\" height=\"300\" width=\"405\" class=\"skip-lazy fg-image\" data-src-fg=\"https:\/\/www.stefaniehofer.de\/wp-content\/uploads\/cache\/2022\/05\/ausstellung03-1-scaled\/3042114685.jpg\" src=\"data:image\/svg+xml,%3Csvg%20xmlns%3D%22http%3A%2F%2Fwww.w3.org%2F2000%2Fsvg%22%20width%3D%22405%22%20height%3D%22300%22%20viewBox%3D%220%200%20405%20300%22%3E%3C%2Fsvg%3E\" loading=\"eager\"><\/span><span class=\"fg-image-overlay\"><\/span><\/a><\/figure><div class=\"fg-loader\"><\/div><\/div><div class=\"fg-item fg-type-iframe fg-idle\"><figure class=\"fg-item-inner\"><a href=\"https:\/\/www.stefaniehofer.de\/index.php\/en\/exhibition-views\/ausstellung02-2\/\" data-attachment-id=\"769\" data-type=\"iframe\" class=\"fg-thumb\"><span class=\"fg-image-wrap\"><img decoding=\"async\" height=\"300\" width=\"213\" class=\"skip-lazy fg-image\" data-src-fg=\"https:\/\/www.stefaniehofer.de\/wp-content\/uploads\/cache\/2022\/05\/ausstellung02-1\/269973548.jpg\" src=\"data:image\/svg+xml,%3Csvg%20xmlns%3D%22http%3A%2F%2Fwww.w3.org%2F2000%2Fsvg%22%20width%3D%22213%22%20height%3D%22300%22%20viewBox%3D%220%200%20213%20300%22%3E%3C%2Fsvg%3E\" loading=\"eager\"><\/span><span class=\"fg-image-overlay\"><\/span><\/a><\/figure><div class=\"fg-loader\"><\/div><\/div><div class=\"fg-item fg-type-iframe fg-idle\"><figure class=\"fg-item-inner\"><a href=\"https:\/\/www.stefaniehofer.de\/index.php\/en\/exhibition-views\/ausstellung01-2\/\" data-attachment-id=\"768\" data-type=\"iframe\" class=\"fg-thumb\"><span class=\"fg-image-wrap\"><img decoding=\"async\" height=\"300\" width=\"461\" class=\"skip-lazy fg-image\" data-src-fg=\"https:\/\/www.stefaniehofer.de\/wp-content\/uploads\/cache\/2022\/05\/ausstellung01-1\/747629463.jpg\" src=\"data:image\/svg+xml,%3Csvg%20xmlns%3D%22http%3A%2F%2Fwww.w3.org%2F2000%2Fsvg%22%20width%3D%22461%22%20height%3D%22300%22%20viewBox%3D%220%200%20461%20300%22%3E%3C%2Fsvg%3E\" loading=\"eager\"><\/span><span class=\"fg-image-overlay\"><\/span><\/a><\/figure><div class=\"fg-loader\"><\/div><\/div><div class=\"fg-item fg-type-iframe fg-idle\"><figure class=\"fg-item-inner\"><a href=\"https:\/\/www.stefaniehofer.de\/index.php\/en\/exhibition-views\/ausstellung04-2\/\" data-attachment-id=\"767\" data-type=\"iframe\" class=\"fg-thumb\"><span class=\"fg-image-wrap\"><img decoding=\"async\" height=\"300\" width=\"442\" class=\"skip-lazy fg-image\" data-src-fg=\"https:\/\/www.stefaniehofer.de\/wp-content\/uploads\/cache\/2022\/05\/ausstellung04-1\/2327096253.jpg\" src=\"data:image\/svg+xml,%3Csvg%20xmlns%3D%22http%3A%2F%2Fwww.w3.org%2F2000%2Fsvg%22%20width%3D%22442%22%20height%3D%22300%22%20viewBox%3D%220%200%20442%20300%22%3E%3C%2Fsvg%3E\" loading=\"eager\"><\/span><span class=\"fg-image-overlay\"><\/span><\/a><\/figure><div class=\"fg-loader\"><\/div><\/div><\/div>\n\n\n\n\n<p><\/p>\n\n\n\n<div style=\"height:40px\" aria-hidden=\"true\" class=\"wp-block-spacer\"><\/div>\n\n\n\n<p>Fragmente, Boutwell Schabrowsky Gallery, M\u00fcnchen, 2021<\/p>\n\n\n<style type=\"text\/css\">\n#foogallery-gallery-788.fg-justified .fg-item { margin-right: 10px; margin-bottom: 10px; }\n#foogallery-gallery-788.fg-justified .fg-image { height: 200px; }<\/style>\n\t\t\t<div class=\"foogallery foogallery-container foogallery-justified foogallery-lightbox-none fg-justified fg-ready fg-light fg-loading-default fg-loaded-fade-in fg-caption-always fg-hover-fade fg-hover-zoom2\" id=\"foogallery-gallery-788\" data-foogallery=\"{&quot;item&quot;:{&quot;showCaptionTitle&quot;:true,&quot;showCaptionDescription&quot;:false},&quot;lazy&quot;:true,&quot;template&quot;:{&quot;rowHeight&quot;:200,&quot;maxRowHeight&quot;:300,&quot;margins&quot;:10,&quot;align&quot;:&quot;left&quot;,&quot;lastRow&quot;:&quot;smart&quot;}}\" style=\"--fg-title-line-clamp: 0; --fg-description-line-clamp: 0;\" >\n\t<div class=\"fg-item fg-type-iframe fg-idle\"><figure class=\"fg-item-inner\"><a href=\"https:\/\/www.stefaniehofer.de\/index.php\/ausstellungsansichten\/2021_fragmente-08_bea_tl_2_-2\/\" data-attachment-id=\"707\" data-type=\"iframe\" class=\"fg-thumb\"><span class=\"fg-image-wrap\"><img decoding=\"async\" height=\"300\" width=\"463\" class=\"skip-lazy fg-image\" data-src-fg=\"https:\/\/www.stefaniehofer.de\/wp-content\/uploads\/cache\/2021\/12\/2021_Fragmente-08_bea_TL_2_-1-scaled\/17880766.jpg\" src=\"data:image\/svg+xml,%3Csvg%20xmlns%3D%22http%3A%2F%2Fwww.w3.org%2F2000%2Fsvg%22%20width%3D%22463%22%20height%3D%22300%22%20viewBox%3D%220%200%20463%20300%22%3E%3C%2Fsvg%3E\" loading=\"eager\"><\/span><span class=\"fg-image-overlay\"><\/span><\/a><\/figure><div class=\"fg-loader\"><\/div><\/div><div class=\"fg-item fg-type-iframe fg-idle\"><figure class=\"fg-item-inner\"><a href=\"https:\/\/www.stefaniehofer.de\/index.php\/ausstellungsansichten\/2021_fragmente-02-2\/\" data-attachment-id=\"704\" data-type=\"iframe\" class=\"fg-thumb\"><span class=\"fg-image-wrap\"><img decoding=\"async\" height=\"300\" width=\"450\" class=\"skip-lazy fg-image\" data-src-fg=\"https:\/\/www.stefaniehofer.de\/wp-content\/uploads\/cache\/2021\/12\/2021_Fragmente-02-1-scaled\/2725264707.jpg\" src=\"data:image\/svg+xml,%3Csvg%20xmlns%3D%22http%3A%2F%2Fwww.w3.org%2F2000%2Fsvg%22%20width%3D%22450%22%20height%3D%22300%22%20viewBox%3D%220%200%20450%20300%22%3E%3C%2Fsvg%3E\" loading=\"eager\"><\/span><span class=\"fg-image-overlay\"><\/span><\/a><\/figure><div class=\"fg-loader\"><\/div><\/div><div class=\"fg-item fg-type-iframe fg-idle\"><figure class=\"fg-item-inner\"><a href=\"https:\/\/www.stefaniehofer.de\/index.php\/ausstellungsansichten\/2021_fragmente-03-2\/\" data-attachment-id=\"705\" data-type=\"iframe\" class=\"fg-thumb\"><span class=\"fg-image-wrap\"><img decoding=\"async\" height=\"300\" width=\"450\" class=\"skip-lazy fg-image\" data-src-fg=\"https:\/\/www.stefaniehofer.de\/wp-content\/uploads\/cache\/2021\/12\/2021_Fragmente-03-1-scaled\/2882607322.jpg\" src=\"data:image\/svg+xml,%3Csvg%20xmlns%3D%22http%3A%2F%2Fwww.w3.org%2F2000%2Fsvg%22%20width%3D%22450%22%20height%3D%22300%22%20viewBox%3D%220%200%20450%20300%22%3E%3C%2Fsvg%3E\" loading=\"eager\"><\/span><span class=\"fg-image-overlay\"><\/span><\/a><\/figure><div class=\"fg-loader\"><\/div><\/div><div class=\"fg-item fg-type-iframe fg-idle\"><figure class=\"fg-item-inner\"><a href=\"https:\/\/www.stefaniehofer.de\/index.php\/ausstellungsansichten\/2021_fragmente-10-2\/\" data-attachment-id=\"702\" data-type=\"iframe\" class=\"fg-thumb\"><span class=\"fg-image-wrap\"><img decoding=\"async\" height=\"300\" width=\"450\" class=\"skip-lazy fg-image\" data-src-fg=\"https:\/\/www.stefaniehofer.de\/wp-content\/uploads\/cache\/2021\/12\/2021_Fragmente-10-1-scaled\/200044859.jpg\" src=\"data:image\/svg+xml,%3Csvg%20xmlns%3D%22http%3A%2F%2Fwww.w3.org%2F2000%2Fsvg%22%20width%3D%22450%22%20height%3D%22300%22%20viewBox%3D%220%200%20450%20300%22%3E%3C%2Fsvg%3E\" loading=\"eager\"><\/span><span class=\"fg-image-overlay\"><\/span><\/a><\/figure><div class=\"fg-loader\"><\/div><\/div><\/div>\n\n\n\n\n<div style=\"height:40px\" aria-hidden=\"true\" class=\"wp-block-spacer\"><\/div>\n\n\n\n<p>Professionalit\u00e4t #40, Galerie der K\u00fcnstler, M\u00fcnchen, 2021<\/p>\n\n\n<style type=\"text\/css\">\n#foogallery-gallery-791.fg-justified .fg-item { margin-right: 10px; margin-bottom: 10px; }\n#foogallery-gallery-791.fg-justified .fg-image { height: 200px; }<\/style>\n\t\t\t<div class=\"foogallery foogallery-container foogallery-justified foogallery-lightbox-none fg-justified fg-ready fg-light fg-loading-default fg-loaded-fade-in fg-caption-always fg-hover-fade fg-hover-zoom2\" id=\"foogallery-gallery-791\" data-foogallery=\"{&quot;item&quot;:{&quot;showCaptionTitle&quot;:true,&quot;showCaptionDescription&quot;:false},&quot;lazy&quot;:true,&quot;template&quot;:{&quot;rowHeight&quot;:200,&quot;maxRowHeight&quot;:300,&quot;margins&quot;:10,&quot;align&quot;:&quot;left&quot;,&quot;lastRow&quot;:&quot;smart&quot;}}\" style=\"--fg-title-line-clamp: 0; --fg-description-line-clamp: 0;\" >\n\t<div class=\"fg-item fg-type-image fg-idle\"><figure class=\"fg-item-inner\"><a href=\"https:\/\/www.stefaniehofer.de\/wp-content\/uploads\/2021\/12\/DSC2533-bea_-1-scaled.jpg\" data-attachment-id=\"691\" data-type=\"image\" class=\"fg-thumb\"><span class=\"fg-image-wrap\"><img decoding=\"async\" height=\"300\" width=\"460\" class=\"skip-lazy fg-image\" data-src-fg=\"https:\/\/www.stefaniehofer.de\/wp-content\/uploads\/cache\/2021\/12\/DSC2533-bea_-1-scaled\/2840577159.jpg\" src=\"data:image\/svg+xml,%3Csvg%20xmlns%3D%22http%3A%2F%2Fwww.w3.org%2F2000%2Fsvg%22%20width%3D%22460%22%20height%3D%22300%22%20viewBox%3D%220%200%20460%20300%22%3E%3C%2Fsvg%3E\" loading=\"eager\"><\/span><span class=\"fg-image-overlay\"><\/span><\/a><\/figure><div class=\"fg-loader\"><\/div><\/div><div class=\"fg-item fg-type-image fg-idle\"><figure class=\"fg-item-inner\"><a href=\"https:\/\/www.stefaniehofer.de\/wp-content\/uploads\/2021\/12\/DSC2848-bea_-1-scaled.jpg\" data-attachment-id=\"689\" data-type=\"image\" class=\"fg-thumb\"><span class=\"fg-image-wrap\"><img decoding=\"async\" height=\"300\" width=\"450\" class=\"skip-lazy fg-image\" data-src-fg=\"https:\/\/www.stefaniehofer.de\/wp-content\/uploads\/cache\/2021\/12\/DSC2848-bea_-1-scaled\/3286418987.jpg\" src=\"data:image\/svg+xml,%3Csvg%20xmlns%3D%22http%3A%2F%2Fwww.w3.org%2F2000%2Fsvg%22%20width%3D%22450%22%20height%3D%22300%22%20viewBox%3D%220%200%20450%20300%22%3E%3C%2Fsvg%3E\" loading=\"eager\"><\/span><span class=\"fg-image-overlay\"><\/span><\/a><\/figure><div class=\"fg-loader\"><\/div><\/div><div class=\"fg-item fg-type-image fg-idle\"><figure class=\"fg-item-inner\"><a href=\"https:\/\/www.stefaniehofer.de\/wp-content\/uploads\/2021\/12\/DSC2811-bea_-1-scaled.jpg\" data-attachment-id=\"692\" data-type=\"image\" class=\"fg-thumb\"><span class=\"fg-image-wrap\"><img decoding=\"async\" height=\"300\" width=\"478\" class=\"skip-lazy fg-image\" data-src-fg=\"https:\/\/www.stefaniehofer.de\/wp-content\/uploads\/cache\/2021\/12\/DSC2811-bea_-1-scaled\/1499795300.jpg\" src=\"data:image\/svg+xml,%3Csvg%20xmlns%3D%22http%3A%2F%2Fwww.w3.org%2F2000%2Fsvg%22%20width%3D%22478%22%20height%3D%22300%22%20viewBox%3D%220%200%20478%20300%22%3E%3C%2Fsvg%3E\" loading=\"eager\"><\/span><span class=\"fg-image-overlay\"><\/span><\/a><\/figure><div class=\"fg-loader\"><\/div><\/div><div class=\"fg-item fg-type-image fg-idle\"><figure class=\"fg-item-inner\"><a href=\"https:\/\/www.stefaniehofer.de\/wp-content\/uploads\/2021\/12\/DSC2831-bea_-1-scaled.jpg\" data-attachment-id=\"694\" data-type=\"image\" class=\"fg-thumb\"><span class=\"fg-image-wrap\"><img decoding=\"async\" height=\"300\" width=\"470\" class=\"skip-lazy fg-image\" data-src-fg=\"https:\/\/www.stefaniehofer.de\/wp-content\/uploads\/cache\/2021\/12\/DSC2831-bea_-1-scaled\/2809655317.jpg\" src=\"data:image\/svg+xml,%3Csvg%20xmlns%3D%22http%3A%2F%2Fwww.w3.org%2F2000%2Fsvg%22%20width%3D%22470%22%20height%3D%22300%22%20viewBox%3D%220%200%20470%20300%22%3E%3C%2Fsvg%3E\" loading=\"eager\"><\/span><span class=\"fg-image-overlay\"><\/span><\/a><\/figure><div class=\"fg-loader\"><\/div><\/div><\/div>\n\n\n\n\n<div style=\"height:40px\" aria-hidden=\"true\" class=\"wp-block-spacer\"><\/div>\n\n\n\n<p>Scene or Scenery?&nbsp;Kunstverein Wolfenb\u00fcttel, 2021<\/p>\n\n\n<style type=\"text\/css\">\n#foogallery-gallery-793.fg-justified .fg-item { margin-right: 10px; margin-bottom: 10px; }\n#foogallery-gallery-793.fg-justified .fg-image { height: 200px; }<\/style>\n\t\t\t<div class=\"foogallery foogallery-container foogallery-justified foogallery-lightbox-none fg-justified fg-ready fg-light fg-loading-default fg-loaded-fade-in fg-caption-always fg-hover-fade fg-hover-zoom2\" id=\"foogallery-gallery-793\" data-foogallery=\"{&quot;item&quot;:{&quot;showCaptionTitle&quot;:true,&quot;showCaptionDescription&quot;:false},&quot;lazy&quot;:true,&quot;template&quot;:{&quot;rowHeight&quot;:200,&quot;maxRowHeight&quot;:300,&quot;margins&quot;:10,&quot;align&quot;:&quot;left&quot;,&quot;lastRow&quot;:&quot;smart&quot;}}\" style=\"--fg-title-line-clamp: 0; --fg-description-line-clamp: 0;\" >\n\t<div class=\"fg-item fg-type-image fg-idle\"><figure class=\"fg-item-inner\"><a href=\"https:\/\/www.stefaniehofer.de\/wp-content\/uploads\/2021\/12\/WolfenbuttelSteffen1_TL1-1-scaled.jpg\" data-attachment-id=\"714\" data-type=\"image\" class=\"fg-thumb\"><span class=\"fg-image-wrap\"><img decoding=\"async\" height=\"300\" width=\"536\" class=\"skip-lazy fg-image\" data-src-fg=\"https:\/\/www.stefaniehofer.de\/wp-content\/uploads\/cache\/2021\/12\/WolfenbuttelSteffen1_TL1-1-scaled\/440860589.jpg\" src=\"data:image\/svg+xml,%3Csvg%20xmlns%3D%22http%3A%2F%2Fwww.w3.org%2F2000%2Fsvg%22%20width%3D%22536%22%20height%3D%22300%22%20viewBox%3D%220%200%20536%20300%22%3E%3C%2Fsvg%3E\" loading=\"eager\"><\/span><span class=\"fg-image-overlay\"><\/span><\/a><\/figure><div class=\"fg-loader\"><\/div><\/div><div class=\"fg-item fg-type-image fg-idle\"><figure class=\"fg-item-inner\"><a href=\"https:\/\/www.stefaniehofer.de\/wp-content\/uploads\/2021\/12\/WolfenbuttelSteffen2_TL-1-scaled.jpg\" data-attachment-id=\"715\" data-type=\"image\" class=\"fg-thumb\"><span class=\"fg-image-wrap\"><img decoding=\"async\" height=\"300\" width=\"450\" class=\"skip-lazy fg-image\" data-src-fg=\"https:\/\/www.stefaniehofer.de\/wp-content\/uploads\/cache\/2021\/12\/WolfenbuttelSteffen2_TL-1-scaled\/2214191345.jpg\" src=\"data:image\/svg+xml,%3Csvg%20xmlns%3D%22http%3A%2F%2Fwww.w3.org%2F2000%2Fsvg%22%20width%3D%22450%22%20height%3D%22300%22%20viewBox%3D%220%200%20450%20300%22%3E%3C%2Fsvg%3E\" loading=\"eager\"><\/span><span class=\"fg-image-overlay\"><\/span><\/a><\/figure><div class=\"fg-loader\"><\/div><\/div><div class=\"fg-item fg-type-image fg-idle\"><figure class=\"fg-item-inner\"><a href=\"https:\/\/www.stefaniehofer.de\/wp-content\/uploads\/2021\/12\/WolfenbuttelSteffen11-bea_1-1-scaled.jpg\" data-attachment-id=\"716\" data-type=\"image\" class=\"fg-thumb\"><span class=\"fg-image-wrap\"><img decoding=\"async\" height=\"300\" width=\"521\" class=\"skip-lazy fg-image\" data-src-fg=\"https:\/\/www.stefaniehofer.de\/wp-content\/uploads\/cache\/2021\/12\/WolfenbuttelSteffen11-bea_1-1-scaled\/1112813920.jpg\" src=\"data:image\/svg+xml,%3Csvg%20xmlns%3D%22http%3A%2F%2Fwww.w3.org%2F2000%2Fsvg%22%20width%3D%22521%22%20height%3D%22300%22%20viewBox%3D%220%200%20521%20300%22%3E%3C%2Fsvg%3E\" loading=\"eager\"><\/span><span class=\"fg-image-overlay\"><\/span><\/a><\/figure><div class=\"fg-loader\"><\/div><\/div><div class=\"fg-item fg-type-image fg-idle\"><figure class=\"fg-item-inner\"><a href=\"https:\/\/www.stefaniehofer.de\/wp-content\/uploads\/2021\/12\/WolfenbuttelSteffen13_TL3-1-scaled.jpg\" data-attachment-id=\"711\" data-type=\"image\" class=\"fg-thumb\"><span class=\"fg-image-wrap\"><img decoding=\"async\" height=\"300\" width=\"571\" class=\"skip-lazy fg-image\" data-src-fg=\"https:\/\/www.stefaniehofer.de\/wp-content\/uploads\/cache\/2021\/12\/WolfenbuttelSteffen13_TL3-1-scaled\/2961004022.jpg\" src=\"data:image\/svg+xml,%3Csvg%20xmlns%3D%22http%3A%2F%2Fwww.w3.org%2F2000%2Fsvg%22%20width%3D%22571%22%20height%3D%22300%22%20viewBox%3D%220%200%20571%20300%22%3E%3C%2Fsvg%3E\" loading=\"eager\"><\/span><span class=\"fg-image-overlay\"><\/span><\/a><\/figure><div class=\"fg-loader\"><\/div><\/div><\/div>\n\n\n\n\n<p><\/p>\n","protected":false},"excerpt":{"rendered":"<p>You can have both silence an action, Sebastianskapelle Ulm, 2022 Fragmente, Boutwell Schabrowsky Gallery, M\u00fcnchen, 2021 Professionalit\u00e4t #40, Galerie der K\u00fcnstler, M\u00fcnchen, 2021 Scene or Scenery?&nbsp;Kunstverein Wolfenb\u00fcttel, 2021<\/p>\n","protected":false},"author":1,"featured_media":0,"parent":0,"menu_order":0,"comment_status":"closed","ping_status":"closed","template":"","meta":{"footnotes":""},"class_list":["post-600","page","type-page","status-publish","hentry"],"_links":{"self":[{"href":"https:\/\/www.stefaniehofer.de\/index.php\/wp-json\/wp\/v2\/pages\/600","targetHints":{"allow":["GET"]}}],"collection":[{"href":"https:\/\/www.stefaniehofer.de\/index.php\/wp-json\/wp\/v2\/pages"}],"about":[{"href":"https:\/\/www.stefaniehofer.de\/index.php\/wp-json\/wp\/v2\/types\/page"}],"author":[{"embeddable":true,"href":"https:\/\/www.stefaniehofer.de\/index.php\/wp-json\/wp\/v2\/users\/1"}],"replies":[{"embeddable":true,"href":"https:\/\/www.stefaniehofer.de\/index.php\/wp-json\/wp\/v2\/comments?post=600"}],"version-history":[{"count":46,"href":"https:\/\/www.stefaniehofer.de\/index.php\/wp-json\/wp\/v2\/pages\/600\/revisions"}],"predecessor-version":[{"id":796,"href":"https:\/\/www.stefaniehofer.de\/index.php\/wp-json\/wp\/v2\/pages\/600\/revisions\/796"}],"wp:attachment":[{"href":"https:\/\/www.stefaniehofer.de\/index.php\/wp-json\/wp\/v2\/media?parent=600"}],"curies":[{"name":"wp","href":"https:\/\/api.w.org\/{rel}","templated":true}]}}